{"id":58,"date":"2017-09-10T12:52:24","date_gmt":"2017-09-10T12:52:24","guid":{"rendered":"http:\/\/wp2.eifelshootingclub.de\/?page_id=58"},"modified":"2025-01-29T09:38:44","modified_gmt":"2025-01-29T09:38:44","slug":"schiessleiter","status":"publish","type":"page","link":"http:\/\/wp2.eifelshootingclub.de\/?page_id=58","title":{"rendered":"Schie\u00dfleiter"},"content":{"rendered":"<h1><strong>Termine nach Absprache, meine Lehrg\u00e4nge werden auf der Homepage der DSU (www.d-s-u.de) ver\u00f6ffentlicht, da ist auch die Anmeldung m\u00f6glich.<br \/>\n<\/strong><\/h1>\n<p>Hierin werden die Aufgaben der verantwortlichen Aufsichtspersonen beim Schie\u00dfen vermittelt. Um als Schie\u00dfleiter t\u00e4tig zu sein, muss auch der Lehrgang Waffensachkunde absolviert werden.<\/p>\n<p>Schie\u00dfleiter-Lehrgang: <span style=\"color: #ff0000;\">(Download als PDF-Datei, siehe unten)<\/span><br \/>\nDer Begriff Schie\u00dfleiter ist leider nicht fest normiert. Mit Schie\u00dfleiter wird bei<br \/>\nuns die verantwortliche Aufsichtsperson beim Sch\u00fctzen benannt.<\/p>\n<p>Siehe hierzu \u00a7 11 AWAffV<br \/>\nAWaffV \u00a7 11 Aufsicht<br \/>\n<span style=\"color: #0000ff;\">(1) Die verantwortlichen Aufsichtspersonen haben das Schie\u00dfen in der Schie\u00dfst\u00e4tte st\u00e4ndig zu beaufsichtigen, insbesondere daf\u00fcr zu sorgen, dass die in der Schie\u00dfst\u00e4tte Anwesenden durch ihr Verhalten keine vermeidbaren Gefahren verursachen, und zu beachten, dass die Bestimmungen des \u00a7 27 Abs. 3 oder 6 des Waffengesetzes eingehalten werden. Sie haben, wenn dies zur Verh\u00fctung oder Beseitigung von Gefahren erforderlich ist, das Schie\u00dfen oder<\/span><br \/>\n<span style=\"color: #0000ff;\">den Aufenthalt in der Schie\u00dfst\u00e4tte zu untersagen.<\/span><br \/>\n<span style=\"color: #0000ff;\">(2) Die Benutzer der Schie\u00dfst\u00e4tten haben die Anordnungen der <\/span><br \/>\n<span style=\"color: #0000ff;\">verantwortlichen Aufsichtspersonen nach Absatz 1 zu befolgen.<\/span><br \/>\n<span style=\"color: #0000ff;\">(3) Eine zur Aufsichtsf\u00fchrung bef\u00e4higte Person darf schie\u00dfen, ohne selbst <\/span><br \/>\n<span style=\"color: #0000ff;\">beaufsichtigt zu werden, wenn sichergestellt ist, dass sie sich allein auf <\/span><br \/>\n<span style=\"color: #0000ff;\">dem Schie\u00dfstand befindet.<\/span><\/p>\n<p>Es handelt sich bei den Personen (\u201eSchie\u00dfleiter\u201c) also um die gesetzlich<br \/>\ndefinierten Aufsichtspersonen.<br \/>\nAuch hier gilt zum Lehrgang analog das Gleiche wie bei der Waffensachkunde.<br \/>\nDer Verein der einen Schie\u00dfleiter bestellt, hat gegen\u00fcber der Beh\u00f6rde<br \/>\nnachzuweisen, dass die bestellte Person \u00fcber die erforderliche Qualifikation<br \/>\nverf\u00fcgt. Diese wird in dem Schie\u00dfleiter-Lehrgang vermittelt. Die Vermittlung<br \/>\nerfolgt nach den Regeln eines nach \u00a7 15 WaffG anerkannten Verbandes, siehe<br \/>\nhierzu \u00a710 AwaffV, Abs. 6<\/p>\n<p><span style=\"color: #0000ff;\">(6) Die Qualifizierung zur Aufsichtsperson oder zur Eignung zur Kinder\u00ad und<\/span><br \/>\n<span style=\"color: #0000ff;\">Jugendarbeit kann durch die Jagdverb\u00e4nde oder die anerkannten <\/span><br \/>\n<span style=\"color: #0000ff;\">Schie\u00dfsportverb\u00e4nde erfolgen; bei Schie\u00dfsportverb\u00e4nden sind die <\/span><br \/>\n<span style=\"color: #0000ff;\">Qualifizierungsrichtlinien Bestandteil des Anerkennungsverfahrens nach \u00a7 15<\/span><br \/>\n<span style=\"color: #0000ff;\">des Waffengesetzes.<\/span><\/p>\n<p>Damit erf\u00fcllt der Lehrgang die gesetzlichen Vorgaben.<br \/>\nUnabh\u00e4ngig davon gibt es jedoch Verb\u00e4nde, die eigene Lehrgangsinhalte im<br \/>\nRahmen der Ausbildung vermitteln wollen. Diese sind jedoch meist auf Inhalte<br \/>\ngerichtet, die nicht den gesetzlichen Erfordernissen Rechnung tragen, sondern<br \/>\nverbandspolitische Gesichtspunkte ber\u00fccksichtigen.<\/p>\n<p>Ferner wird der Begriff auch hinsichtlich der Beaufsichtigung von Wettk\u00e4mpfen etc. verwendet. Dies sind jedoch andere Aufgaben, die auch nicht Gegenstand des von mir angebotenen Schie\u00dfleiter-Lehrgangs sind.<\/p>\n<p>Download als PDF-Datei:<\/p>\n<p><span style=\"color: #0000ff;\"><a href=\"http:\/\/wp2.eifelshootingclub.de\/wp-content\/uploads\/2017\/09\/Kursablauf_Recht_allgemein_IV.pdf\" target=\"_blank\" rel=\"noopener\">Kursablauf_Recht_allgemein_IV<\/a><\/span><\/p>\n<p><a href=\"http:\/\/wp2.eifelshootingclub.de\/wp-content\/uploads\/2024\/12\/Kursablauf_SL_allgemein_VI.pdf\">Kursablauf_SL_allgemein_VI<\/a><\/p>\n<p><a href=\"http:\/\/wp2.eifelshootingclub.de\/wp-content\/uploads\/2019\/01\/Bestellung_SL.doc\">Bestellung_SL<\/a><\/p>\n","protected":false},"excerpt":{"rendered":"<p>Termine nach Absprache, meine Lehrg\u00e4nge werden auf der Homepage der DSU (www.d-s-u.de) ver\u00f6ffentlicht, da ist auch die Anmeldung m\u00f6glich. Hierin werden die Aufgaben der verantwortlichen Aufsichtspersonen beim Schie\u00dfen vermittelt. Um als Schie\u00dfleiter t\u00e4tig zu sein, muss auch der Lehrgang Waffensachkunde absolviert werden. Schie\u00dfleiter-Lehrgang: (Download als PDF-Datei, siehe unten) Der Begriff Schie\u00dfleiter ist leider nicht fest &hellip; <\/p>\n<p class=\"link-more\"><a href=\"http:\/\/wp2.eifelshootingclub.de\/?page_id=58\" class=\"more-link\"><span class=\"screen-reader-text\">\u201eSchie\u00dfleiter\u201c<\/span> weiterlesen<\/a><\/p>\n","protected":false},"author":1,"featured_media":0,"parent":52,"menu_order":0,"comment_status":"closed","ping_status":"closed","template":"","meta":{"footnotes":""},"class_list":["post-58","page","type-page","status-publish","hentry"],"_links":{"self":[{"href":"http:\/\/wp2.eifelshootingclub.de\/index.php?rest_route=\/wp\/v2\/pages\/58","targetHints":{"allow":["GET"]}}],"collection":[{"href":"http:\/\/wp2.eifelshootingclub.de\/index.php?rest_route=\/wp\/v2\/pages"}],"about":[{"href":"http:\/\/wp2.eifelshootingclub.de\/index.php?rest_route=\/wp\/v2\/types\/page"}],"author":[{"embeddable":true,"href":"http:\/\/wp2.eifelshootingclub.de\/index.php?rest_route=\/wp\/v2\/users\/1"}],"replies":[{"embeddable":true,"href":"http:\/\/wp2.eifelshootingclub.de\/index.php?rest_route=%2Fwp%2Fv2%2Fcomments&post=58"}],"version-history":[{"count":8,"href":"http:\/\/wp2.eifelshootingclub.de\/index.php?rest_route=\/wp\/v2\/pages\/58\/revisions"}],"predecessor-version":[{"id":277,"href":"http:\/\/wp2.eifelshootingclub.de\/index.php?rest_route=\/wp\/v2\/pages\/58\/revisions\/277"}],"up":[{"embeddable":true,"href":"http:\/\/wp2.eifelshootingclub.de\/index.php?rest_route=\/wp\/v2\/pages\/52"}],"wp:attachment":[{"href":"http:\/\/wp2.eifelshootingclub.de\/index.php?rest_route=%2Fwp%2Fv2%2Fmedia&parent=58"}],"curies":[{"name":"wp","href":"https:\/\/api.w.org\/{rel}","templated":true}]}}