{"id":52,"date":"2017-09-10T12:30:19","date_gmt":"2017-09-10T12:30:19","guid":{"rendered":"http:\/\/wp2.eifelshootingclub.de\/?page_id=52"},"modified":"2017-09-10T12:30:19","modified_gmt":"2017-09-10T12:30:19","slug":"lehrgaenge","status":"publish","type":"page","link":"http:\/\/wp2.eifelshootingclub.de\/?page_id=52","title":{"rendered":"Lehrg\u00e4nge"},"content":{"rendered":"<p>Hallo,<\/p>\n<p>Ausbildung und Wissenstransfer ist eine im Waffengesetz vorgegebene Verpflichtung f\u00fcr alle Sportsch\u00fctzen.<\/p>\n<p><em><strong>Waffensachkunde:<\/strong> <\/em>Dieser Lehrgang ist zwingende Voraussetzung, wenn man eigene Sportwaffen erwerben will.<\/p>\n<p><em><strong>Schie\u00dfleiter:<\/strong> <\/em>Hierin werden die Aufgaben der verantwortlichen Aufsichtspersonen beim Schie\u00dfen vermittelt. Um als Schie\u00dfleiter t\u00e4tig zu sein, muss auch der Lehrgang Waffensachkunde absolviert werden.<\/p>\n<p><em><strong>Jugendwart:<\/strong><\/em> Dieser Lehrgang ist gesetzlich vorgeschrieben f\u00fcr alle Personen, die in ihren Vereinen Kinder und Jugendliche beim Schie\u00dfen beaufsichtigen wollen. Wer sich hierf\u00fcr interessiert, muss bis zur Aufnahme seiner T\u00e4tigkeit im Verein auch die beiden Lehrg\u00e4nge Waffensachkunde und Schie\u00dfleiter absolvieren.<\/p>\n<p><em><strong>Sprengstofferlaubnis gem. \u00a7 27 SprengG:<\/strong><\/em> In diesem Lehrgang werden die Voraussetzungen geschaffen f\u00fcr alle Personen, die mit Vorderladerwaffen schie\u00dfen wollen und somit mit Schwarzpulver umgehen. Ferner ist dieser Lehrgang f\u00fcr Personen erforderlich, die sich ihre Munition selbst anfertigen wollen, um so die perfekt auf ihre Sportwaffen abgestimmten Laborierungen zu bekommen. Dieser Lehrgang ist eine pers\u00f6nliche Qualifikation und Grundlage f\u00fcr eine Berechtigung zum Umgang mit Explosivstoffen. Er ist unabh\u00e4ngig von den vorgenannten Lehrg\u00e4ngen.<\/p>\n","protected":false},"excerpt":{"rendered":"<p>Hallo, Ausbildung und Wissenstransfer ist eine im Waffengesetz vorgegebene Verpflichtung f\u00fcr alle Sportsch\u00fctzen. Waffensachkunde: Dieser Lehrgang ist zwingende Voraussetzung, wenn man eigene Sportwaffen erwerben will. Schie\u00dfleiter: Hierin werden die Aufgaben der verantwortlichen Aufsichtspersonen beim Schie\u00dfen vermittelt. Um als Schie\u00dfleiter t\u00e4tig zu sein, muss auch der Lehrgang Waffensachkunde absolviert werden. Jugendwart: Dieser Lehrgang ist gesetzlich vorgeschrieben &hellip; <\/p>\n<p class=\"link-more\"><a href=\"http:\/\/wp2.eifelshootingclub.de\/?page_id=52\" class=\"more-link\"><span class=\"screen-reader-text\">\u201eLehrg\u00e4nge\u201c<\/span> weiterlesen<\/a><\/p>\n","protected":false},"author":1,"featured_media":0,"parent":0,"menu_order":0,"comment_status":"closed","ping_status":"closed","template":"","meta":{"footnotes":""},"class_list":["post-52","page","type-page","status-publish","hentry"],"_links":{"self":[{"href":"http:\/\/wp2.eifelshootingclub.de\/index.php?rest_route=\/wp\/v2\/pages\/52","targetHints":{"allow":["GET"]}}],"collection":[{"href":"http:\/\/wp2.eifelshootingclub.de\/index.php?rest_route=\/wp\/v2\/pages"}],"about":[{"href":"http:\/\/wp2.eifelshootingclub.de\/index.php?rest_route=\/wp\/v2\/types\/page"}],"author":[{"embeddable":true,"href":"http:\/\/wp2.eifelshootingclub.de\/index.php?rest_route=\/wp\/v2\/users\/1"}],"replies":[{"embeddable":true,"href":"http:\/\/wp2.eifelshootingclub.de\/index.php?rest_route=%2Fwp%2Fv2%2Fcomments&post=52"}],"version-history":[{"count":1,"href":"http:\/\/wp2.eifelshootingclub.de\/index.php?rest_route=\/wp\/v2\/pages\/52\/revisions"}],"predecessor-version":[{"id":53,"href":"http:\/\/wp2.eifelshootingclub.de\/index.php?rest_route=\/wp\/v2\/pages\/52\/revisions\/53"}],"wp:attachment":[{"href":"http:\/\/wp2.eifelshootingclub.de\/index.php?rest_route=%2Fwp%2Fv2%2Fmedia&parent=52"}],"curies":[{"name":"wp","href":"https:\/\/api.w.org\/{rel}","templated":true}]}}